{"id":1247,"date":"2025-01-17T11:26:53","date_gmt":"2025-01-17T09:26:53","guid":{"rendered":"https:\/\/dev.krossoil.ro\/catalog\/fara-categorie\/prior-15w40\/"},"modified":"2026-02-25T16:23:24","modified_gmt":"2026-02-25T14:23:24","slug":"prior-15w40","status":"publish","type":"product","link":"https:\/\/krossoil.ro\/hu\/catalog\/autoturisme\/ulei-pentru-motor-auto\/prior-15w40\/","title":{"rendered":"PRIOR 15W40"},"content":{"rendered":"","protected":false},"excerpt":{"rendered":"<p>A PRIOR 15W40 egy t\u00f6bbfokozat\u00fa \u00e1sv\u00e1nyi olaj minden k\u00f6nny\u0171 j\u00e1rm\u0171h\u00f6z, benzin- \u00e9s d\u00edzelmotorral. Ez az olaj nagyon j\u00f3 oxid\u00e1ci\u00f3s ellen\u00e1ll\u00e1ssal rendelkezik, megakad\u00e1lyozza az \u00fczemanyagrendszerben a lerak\u00f3d\u00e1sok kialakul\u00e1s\u00e1t, \u00e9s nagyon alacsony szulf\u00e1thamu-tartalommal b\u00edr. Mindezek a tulajdons\u00e1gok lehet\u0151v\u00e9 teszik a hossz\u00fa olajcsere-intervallumokat az aut\u00f3gy\u00e1rt\u00f3k aj\u00e1nl\u00e1sai szerint.<\/p>","protected":false},"featured_media":2291,"comment_status":"open","ping_status":"closed","template":"","meta":[],"product_brand":[],"product_cat":[76],"product_tag":[],"class_list":{"0":"post-1247","1":"product","2":"type-product","3":"status-publish","4":"has-post-thumbnail","6":"product_cat-ulei-pentru-motor-auto","7":"pa_aplicabilitate-autoturisme","9":"first","10":"instock","11":"shipping-taxable","12":"product-type-simple"},"_links":{"self":[{"href":"https:\/\/krossoil.ro\/hu\/wp-json\/wp\/v2\/product\/1247","targetHints":{"allow":["GET"]}}],"collection":[{"href":"https:\/\/krossoil.ro\/hu\/wp-json\/wp\/v2\/product"}],"about":[{"href":"https:\/\/krossoil.ro\/hu\/wp-json\/wp\/v2\/types\/product"}],"replies":[{"embeddable":true,"href":"https:\/\/krossoil.ro\/hu\/wp-json\/wp\/v2\/comments?post=1247"}],"wp:featuredmedia":[{"embeddable":true,"href":"https:\/\/krossoil.ro\/hu\/wp-json\/wp\/v2\/media\/2291"}],"wp:attachment":[{"href":"https:\/\/krossoil.ro\/hu\/wp-json\/wp\/v2\/media?parent=1247"}],"wp:term":[{"taxonomy":"product_brand","embeddable":true,"href":"https:\/\/krossoil.ro\/hu\/wp-json\/wp\/v2\/product_brand?post=1247"},{"taxonomy":"product_cat","embeddable":true,"href":"https:\/\/krossoil.ro\/hu\/wp-json\/wp\/v2\/product_cat?post=1247"},{"taxonomy":"product_tag","embeddable":true,"href":"https:\/\/krossoil.ro\/hu\/wp-json\/wp\/v2\/product_tag?post=1247"}],"curies":[{"name":"wp","href":"https:\/\/api.w.org\/{rel}","templated":true}]}}