{"id":1248,"date":"2025-01-17T11:26:53","date_gmt":"2025-01-17T09:26:53","guid":{"rendered":"https:\/\/dev.krossoil.ro\/catalog\/fara-categorie\/prior-20w50\/"},"modified":"2026-02-25T16:23:25","modified_gmt":"2026-02-25T14:23:25","slug":"prior-20w50","status":"publish","type":"product","link":"https:\/\/krossoil.ro\/hu\/catalog\/autoturisme\/ulei-pentru-motor-auto\/prior-20w50\/","title":{"rendered":"PRIOR 20W50"},"content":{"rendered":"","protected":false},"excerpt":{"rendered":"<p>A PRIOR 20W50 egy t\u00f6bbfokozat\u00fa motorolaj, amely benzin- \u00e9s d\u00edzelmotorokhoz egyar\u00e1nt alkalmas minden \u00fczemi k\u00f6r\u00fclm\u00e9ny k\u00f6z\u00f6tt, eg\u00e9sz \u00e9vben. Magas akt\u00edv komponens-tartalm\u00e1nak k\u00f6sz\u00f6nhet\u0151en ez az olaj eg\u00e9sz \u00e9vben haszn\u00e1lhat\u00f3 a legnehezebb k\u00f6r\u00fclm\u00e9nyek k\u00f6z\u00f6tt is. Kiv\u00e1l\u00f3 kop\u00e1s\u00e1ll\u00f3s\u00e1ga miatt hosszabb olajcsere-intervallumok is lehets\u00e9gesek.<\/p>","protected":false},"featured_media":2292,"comment_status":"open","ping_status":"closed","template":"","meta":[],"product_brand":[],"product_cat":[76],"product_tag":[],"class_list":{"0":"post-1248","1":"product","2":"type-product","3":"status-publish","4":"has-post-thumbnail","6":"product_cat-ulei-pentru-motor-auto","7":"pa_aplicabilitate-autoturisme","9":"first","10":"instock","11":"shipping-taxable","12":"product-type-simple"},"_links":{"self":[{"href":"https:\/\/krossoil.ro\/hu\/wp-json\/wp\/v2\/product\/1248","targetHints":{"allow":["GET"]}}],"collection":[{"href":"https:\/\/krossoil.ro\/hu\/wp-json\/wp\/v2\/product"}],"about":[{"href":"https:\/\/krossoil.ro\/hu\/wp-json\/wp\/v2\/types\/product"}],"replies":[{"embeddable":true,"href":"https:\/\/krossoil.ro\/hu\/wp-json\/wp\/v2\/comments?post=1248"}],"wp:featuredmedia":[{"embeddable":true,"href":"https:\/\/krossoil.ro\/hu\/wp-json\/wp\/v2\/media\/2292"}],"wp:attachment":[{"href":"https:\/\/krossoil.ro\/hu\/wp-json\/wp\/v2\/media?parent=1248"}],"wp:term":[{"taxonomy":"product_brand","embeddable":true,"href":"https:\/\/krossoil.ro\/hu\/wp-json\/wp\/v2\/product_brand?post=1248"},{"taxonomy":"product_cat","embeddable":true,"href":"https:\/\/krossoil.ro\/hu\/wp-json\/wp\/v2\/product_cat?post=1248"},{"taxonomy":"product_tag","embeddable":true,"href":"https:\/\/krossoil.ro\/hu\/wp-json\/wp\/v2\/product_tag?post=1248"}],"curies":[{"name":"wp","href":"https:\/\/api.w.org\/{rel}","templated":true}]}}