{"id":1249,"date":"2025-01-17T11:26:55","date_gmt":"2025-01-17T09:26:55","guid":{"rendered":"https:\/\/dev.krossoil.ro\/catalog\/uncategorized\/trans-gl-5-75w90\/"},"modified":"2026-02-25T16:23:25","modified_gmt":"2026-02-25T14:23:25","slug":"trans-gl-5-75w90","status":"publish","type":"product","link":"https:\/\/krossoil.ro\/hu\/catalog\/autoturisme\/ulei-pentru-transmisie-auto\/trans-gl-5-75w90\/","title":{"rendered":"TRANS GL-5 75W90"},"content":{"rendered":"","protected":false},"excerpt":{"rendered":"<p class=\"translation-block\">A TRANS GL-5 75W90 egy f\u00e9lszintetikus ken\u0151olaj mechanikus sebess\u00e9gv\u00e1lt\u00f3khoz, kiv\u00e1l\u00f3 min\u0151s\u00e9g\u0171 finom\u00edtott \u00e9s szintetikus alapolajokb\u00f3l, valamint speci\u00e1lis EP-adal\u00e9kokb\u00f3l k\u00e9sz\u00fclt az al\u00e1bbi tulajdons\u00e1gok el\u00e9r\u00e9s\u00e9hez:<br>\n\u2013 \u00dczemanyag-megtakar\u00edt\u00e1s.<br>\n\u2013 Kiv\u00e1l\u00f3 EP tulajdons\u00e1gok.<br>\n\u2013 Kiemelked\u0151 oxid\u00e1ci\u00f3s ellen\u00e1ll\u00e1s.<br>\n\u2013 Nagyfok\u00fa v\u00e9delem a kop\u00e1s, a korr\u00f3zi\u00f3 \u00e9s a habk\u00e9pz\u0151d\u00e9s ellen.<\/p>","protected":false},"featured_media":419,"comment_status":"open","ping_status":"closed","template":"","meta":[],"product_brand":[],"product_cat":[78],"product_tag":[],"class_list":{"0":"post-1249","1":"product","2":"type-product","3":"status-publish","4":"has-post-thumbnail","6":"product_cat-ulei-pentru-transmisie-auto","7":"pa_aplicabilitate-autoturisme","8":"pa_aplicabilitate-camioane","9":"pa_aplicabilitate-utilaje-agricole","10":"pa_aplicabilitate-utilaje-hidraulice","12":"first","13":"instock","14":"shipping-taxable","15":"product-type-simple"},"_links":{"self":[{"href":"https:\/\/krossoil.ro\/hu\/wp-json\/wp\/v2\/product\/1249","targetHints":{"allow":["GET"]}}],"collection":[{"href":"https:\/\/krossoil.ro\/hu\/wp-json\/wp\/v2\/product"}],"about":[{"href":"https:\/\/krossoil.ro\/hu\/wp-json\/wp\/v2\/types\/product"}],"replies":[{"embeddable":true,"href":"https:\/\/krossoil.ro\/hu\/wp-json\/wp\/v2\/comments?post=1249"}],"wp:featuredmedia":[{"embeddable":true,"href":"https:\/\/krossoil.ro\/hu\/wp-json\/wp\/v2\/media\/419"}],"wp:attachment":[{"href":"https:\/\/krossoil.ro\/hu\/wp-json\/wp\/v2\/media?parent=1249"}],"wp:term":[{"taxonomy":"product_brand","embeddable":true,"href":"https:\/\/krossoil.ro\/hu\/wp-json\/wp\/v2\/product_brand?post=1249"},{"taxonomy":"product_cat","embeddable":true,"href":"https:\/\/krossoil.ro\/hu\/wp-json\/wp\/v2\/product_cat?post=1249"},{"taxonomy":"product_tag","embeddable":true,"href":"https:\/\/krossoil.ro\/hu\/wp-json\/wp\/v2\/product_tag?post=1249"}],"curies":[{"name":"wp","href":"https:\/\/api.w.org\/{rel}","templated":true}]}}