{"id":1250,"date":"2025-01-17T11:26:55","date_gmt":"2025-01-17T09:26:55","guid":{"rendered":"https:\/\/dev.krossoil.ro\/catalog\/uncategorized\/trans-gl-5-75w80\/"},"modified":"2026-02-25T16:23:25","modified_gmt":"2026-02-25T14:23:25","slug":"trans-gl-5-75w80","status":"publish","type":"product","link":"https:\/\/krossoil.ro\/hu\/catalog\/autoturisme\/ulei-pentru-transmisie-auto\/trans-gl-5-75w80\/","title":{"rendered":"TRANS GL-5 75W80"},"content":{"rendered":"","protected":false},"excerpt":{"rendered":"<p>A TRANS GL-5 75W80 egy kiv\u00e1l\u00f3 min\u0151s\u00e9g\u0171 olaj, amely a legt\u00f6bb k\u00e9zi sebess\u00e9gv\u00e1lt\u00f3val felszerelt j\u00e1rm\u0171h\u00f6z alkalmas. Ez egy extr\u00e9m nyom\u00e1s\u00e1ll\u00f3 olaj, amelyet kifejezetten a legnehezebb \u00fczemi k\u00f6r\u00fclm\u00e9nyek \u2013 nagy sebess\u00e9g, l\u00f6k\u00e9sszer\u0171 terhel\u00e9s \u00e9s nagy nyomat\u00e9k alacsony fordulatsz\u00e1mon \u2013 elvisel\u00e9s\u00e9re terveztek.<\/p>","protected":false},"featured_media":420,"comment_status":"open","ping_status":"closed","template":"","meta":[],"product_brand":[],"product_cat":[78],"product_tag":[],"class_list":{"0":"post-1250","1":"product","2":"type-product","3":"status-publish","4":"has-post-thumbnail","6":"product_cat-ulei-pentru-transmisie-auto","7":"pa_aplicabilitate-autoturisme","8":"pa_aplicabilitate-camioane","9":"pa_aplicabilitate-utilaje-agricole","10":"pa_aplicabilitate-utilaje-hidraulice","12":"first","13":"instock","14":"shipping-taxable","15":"product-type-simple"},"_links":{"self":[{"href":"https:\/\/krossoil.ro\/hu\/wp-json\/wp\/v2\/product\/1250","targetHints":{"allow":["GET"]}}],"collection":[{"href":"https:\/\/krossoil.ro\/hu\/wp-json\/wp\/v2\/product"}],"about":[{"href":"https:\/\/krossoil.ro\/hu\/wp-json\/wp\/v2\/types\/product"}],"replies":[{"embeddable":true,"href":"https:\/\/krossoil.ro\/hu\/wp-json\/wp\/v2\/comments?post=1250"}],"wp:featuredmedia":[{"embeddable":true,"href":"https:\/\/krossoil.ro\/hu\/wp-json\/wp\/v2\/media\/420"}],"wp:attachment":[{"href":"https:\/\/krossoil.ro\/hu\/wp-json\/wp\/v2\/media?parent=1250"}],"wp:term":[{"taxonomy":"product_brand","embeddable":true,"href":"https:\/\/krossoil.ro\/hu\/wp-json\/wp\/v2\/product_brand?post=1250"},{"taxonomy":"product_cat","embeddable":true,"href":"https:\/\/krossoil.ro\/hu\/wp-json\/wp\/v2\/product_cat?post=1250"},{"taxonomy":"product_tag","embeddable":true,"href":"https:\/\/krossoil.ro\/hu\/wp-json\/wp\/v2\/product_tag?post=1250"}],"curies":[{"name":"wp","href":"https:\/\/api.w.org\/{rel}","templated":true}]}}