{"id":1256,"date":"2025-01-17T11:26:55","date_gmt":"2025-01-17T09:26:55","guid":{"rendered":"https:\/\/dev.krossoil.ro\/catalog\/uncategorized\/atf-dx-iii-h\/"},"modified":"2026-02-25T16:23:25","modified_gmt":"2026-02-25T14:23:25","slug":"atf-dx-iii-h","status":"publish","type":"product","link":"https:\/\/krossoil.ro\/hu\/catalog\/autoturisme\/ulei-pentru-transmisie-auto\/atf-dx-iii-h\/","title":{"rendered":"ATF DX-III H"},"content":{"rendered":"","protected":false},"excerpt":{"rendered":"<p>Az ATF DX-III H rendk\u00edv\u00fcl magas viszkozit\u00e1si indexszel lett tervezve, \u00edgy ide\u00e1lis a legt\u00f6bb automata sebess\u00e9gv\u00e1lt\u00f3hoz. Jav\u00edtott foly\u00e9konys\u00e1g\u00e1nak k\u00f6sz\u00f6nhet\u0151en alacsony h\u0151m\u00e9rs\u00e9kleten is optim\u00e1lis teljes\u00edtm\u00e9nyt biztos\u00edt k\u00fcl\u00f6nb\u00f6z\u0151 \u00fczemi k\u00f6r\u00fclm\u00e9nyek k\u00f6z\u00f6tt. Kiv\u00e9teles s\u00farl\u00f3d\u00e1si tulajdons\u00e1gai sima sebess\u00e9gv\u00e1lt\u00e1st \u00e9s fokozott vezet\u00e9si k\u00e9nyelmet eredm\u00e9nyeznek.<\/p>","protected":false},"featured_media":430,"comment_status":"open","ping_status":"closed","template":"","meta":[],"product_brand":[],"product_cat":[78],"product_tag":[],"class_list":{"0":"post-1256","1":"product","2":"type-product","3":"status-publish","4":"has-post-thumbnail","6":"product_cat-ulei-pentru-transmisie-auto","7":"pa_aplicabilitate-autoturisme","8":"pa_aplicabilitate-camioane","10":"first","11":"instock","12":"shipping-taxable","13":"product-type-simple"},"_links":{"self":[{"href":"https:\/\/krossoil.ro\/hu\/wp-json\/wp\/v2\/product\/1256","targetHints":{"allow":["GET"]}}],"collection":[{"href":"https:\/\/krossoil.ro\/hu\/wp-json\/wp\/v2\/product"}],"about":[{"href":"https:\/\/krossoil.ro\/hu\/wp-json\/wp\/v2\/types\/product"}],"replies":[{"embeddable":true,"href":"https:\/\/krossoil.ro\/hu\/wp-json\/wp\/v2\/comments?post=1256"}],"wp:featuredmedia":[{"embeddable":true,"href":"https:\/\/krossoil.ro\/hu\/wp-json\/wp\/v2\/media\/430"}],"wp:attachment":[{"href":"https:\/\/krossoil.ro\/hu\/wp-json\/wp\/v2\/media?parent=1256"}],"wp:term":[{"taxonomy":"product_brand","embeddable":true,"href":"https:\/\/krossoil.ro\/hu\/wp-json\/wp\/v2\/product_brand?post=1256"},{"taxonomy":"product_cat","embeddable":true,"href":"https:\/\/krossoil.ro\/hu\/wp-json\/wp\/v2\/product_cat?post=1256"},{"taxonomy":"product_tag","embeddable":true,"href":"https:\/\/krossoil.ro\/hu\/wp-json\/wp\/v2\/product_tag?post=1256"}],"curies":[{"name":"wp","href":"https:\/\/api.w.org\/{rel}","templated":true}]}}