{"id":1260,"date":"2025-01-17T11:26:55","date_gmt":"2025-01-17T09:26:55","guid":{"rendered":"https:\/\/dev.krossoil.ro\/catalog\/uncategorized\/atf-dx-vi\/"},"modified":"2026-02-25T16:23:26","modified_gmt":"2026-02-25T14:23:26","slug":"atf-dx-vi","status":"publish","type":"product","link":"https:\/\/krossoil.ro\/hu\/catalog\/autoturisme\/ulei-pentru-transmisie-auto\/atf-dx-vi\/","title":{"rendered":"ATF DX-VI"},"content":{"rendered":"","protected":false},"excerpt":{"rendered":"<p>Az ATF DX-VI egy szintetikus olaj, amelyet kifejezetten alacsony viszkozit\u00e1s\u00fa ATF-et ig\u00e9nyl\u0151 automata sebess\u00e9gv\u00e1lt\u00f3khoz fejlesztettek ki. Alacsony dermed\u00e9spontj\u00e1nak \u00e9s a h\u0151m\u00e9rs\u00e9kletv\u00e1ltoz\u00e1sokkal szembeni minim\u00e1lis \u00e9rz\u00e9kenys\u00e9g\u00e9nek k\u00f6sz\u00f6nhet\u0151en sz\u00e9les h\u0151m\u00e9rs\u00e9klet-tartom\u00e1nyban haszn\u00e1lhat\u00f3. Alacsonyabb viszkozit\u00e1sa \u00fczemanyag-megtakar\u00edt\u00e1st eredm\u00e9nyez a hagyom\u00e1nyos viszkozit\u00e1s\u00fa ATF-ekhez k\u00e9pest.<\/p>","protected":false},"featured_media":436,"comment_status":"open","ping_status":"closed","template":"","meta":[],"product_brand":[],"product_cat":[78],"product_tag":[],"class_list":{"0":"post-1260","1":"product","2":"type-product","3":"status-publish","4":"has-post-thumbnail","6":"product_cat-ulei-pentru-transmisie-auto","7":"pa_aplicabilitate-autoturisme","8":"pa_aplicabilitate-camioane","10":"first","11":"instock","12":"shipping-taxable","13":"product-type-simple"},"_links":{"self":[{"href":"https:\/\/krossoil.ro\/hu\/wp-json\/wp\/v2\/product\/1260","targetHints":{"allow":["GET"]}}],"collection":[{"href":"https:\/\/krossoil.ro\/hu\/wp-json\/wp\/v2\/product"}],"about":[{"href":"https:\/\/krossoil.ro\/hu\/wp-json\/wp\/v2\/types\/product"}],"replies":[{"embeddable":true,"href":"https:\/\/krossoil.ro\/hu\/wp-json\/wp\/v2\/comments?post=1260"}],"wp:featuredmedia":[{"embeddable":true,"href":"https:\/\/krossoil.ro\/hu\/wp-json\/wp\/v2\/media\/436"}],"wp:attachment":[{"href":"https:\/\/krossoil.ro\/hu\/wp-json\/wp\/v2\/media?parent=1260"}],"wp:term":[{"taxonomy":"product_brand","embeddable":true,"href":"https:\/\/krossoil.ro\/hu\/wp-json\/wp\/v2\/product_brand?post=1260"},{"taxonomy":"product_cat","embeddable":true,"href":"https:\/\/krossoil.ro\/hu\/wp-json\/wp\/v2\/product_cat?post=1260"},{"taxonomy":"product_tag","embeddable":true,"href":"https:\/\/krossoil.ro\/hu\/wp-json\/wp\/v2\/product_tag?post=1260"}],"curies":[{"name":"wp","href":"https:\/\/api.w.org\/{rel}","templated":true}]}}