{"id":1261,"date":"2025-01-17T11:26:55","date_gmt":"2025-01-17T09:26:55","guid":{"rendered":"https:\/\/dev.krossoil.ro\/catalog\/uncategorized\/steer-pro-chf\/"},"modified":"2026-02-25T16:23:26","modified_gmt":"2026-02-25T14:23:26","slug":"steer-pro-chf","status":"publish","type":"product","link":"https:\/\/krossoil.ro\/hu\/catalog\/autoturisme\/ulei-pentru-servodirectie-auto\/steer-pro-chf\/","title":{"rendered":"STEER PRO CHF"},"content":{"rendered":"","protected":false},"excerpt":{"rendered":"<p>A STEER PRO CHF egy nagy teljes\u00edtm\u00e9ny\u0171 szintetikus olaj, amely alkalmas hidraulikus \u00e9s elektrohidraulikus szervokorm\u00e1ny-rendszerekhez, akt\u00edv felf\u00fcggeszt\u00e9si rendszerekhez, valamint egy\u00e9b hidraulikusan m\u0171k\u00f6dtetett seg\u00e9drendszerekhez szem\u00e9ly- \u00e9s teherg\u00e9pkocsikban. A STEER PRO CHF kiv\u00e1l\u00f3 min\u0151s\u00e9g\u0171 szintetikus alapolajokb\u00f3l \u00e9s komplex adal\u00e9kanyag-kever\u00e9kb\u0151l \u00e1ll, \u00e9s csendes szervoszivatty\u00fa-m\u0171k\u00f6d\u00e9st biztos\u00edt.<\/p>","protected":false},"featured_media":438,"comment_status":"open","ping_status":"closed","template":"","meta":[],"product_brand":[],"product_cat":[77],"product_tag":[],"class_list":{"0":"post-1261","1":"product","2":"type-product","3":"status-publish","4":"has-post-thumbnail","6":"product_cat-ulei-pentru-servodirectie-auto","7":"pa_aplicabilitate-autoturisme","8":"pa_aplicabilitate-camioane","10":"first","11":"instock","12":"shipping-taxable","13":"product-type-simple"},"_links":{"self":[{"href":"https:\/\/krossoil.ro\/hu\/wp-json\/wp\/v2\/product\/1261","targetHints":{"allow":["GET"]}}],"collection":[{"href":"https:\/\/krossoil.ro\/hu\/wp-json\/wp\/v2\/product"}],"about":[{"href":"https:\/\/krossoil.ro\/hu\/wp-json\/wp\/v2\/types\/product"}],"replies":[{"embeddable":true,"href":"https:\/\/krossoil.ro\/hu\/wp-json\/wp\/v2\/comments?post=1261"}],"wp:featuredmedia":[{"embeddable":true,"href":"https:\/\/krossoil.ro\/hu\/wp-json\/wp\/v2\/media\/438"}],"wp:attachment":[{"href":"https:\/\/krossoil.ro\/hu\/wp-json\/wp\/v2\/media?parent=1261"}],"wp:term":[{"taxonomy":"product_brand","embeddable":true,"href":"https:\/\/krossoil.ro\/hu\/wp-json\/wp\/v2\/product_brand?post=1261"},{"taxonomy":"product_cat","embeddable":true,"href":"https:\/\/krossoil.ro\/hu\/wp-json\/wp\/v2\/product_cat?post=1261"},{"taxonomy":"product_tag","embeddable":true,"href":"https:\/\/krossoil.ro\/hu\/wp-json\/wp\/v2\/product_tag?post=1261"}],"curies":[{"name":"wp","href":"https:\/\/api.w.org\/{rel}","templated":true}]}}