{"id":1262,"date":"2025-01-17T11:26:55","date_gmt":"2025-01-17T09:26:55","guid":{"rendered":"https:\/\/dev.krossoil.ro\/catalog\/uncategorized\/kross-grafitata-ca-2g\/"},"modified":"2026-02-25T16:23:26","modified_gmt":"2026-02-25T14:23:26","slug":"kross-grafitata-ca-2g","status":"publish","type":"product","link":"https:\/\/krossoil.ro\/hu\/catalog\/unsori\/kross-grafitata-ca-2g\/","title":{"rendered":"UNSOARE GRAFITATA CA-2G"},"content":{"rendered":"","protected":false},"excerpt":{"rendered":"<p>A GRAFITOS CA-2G zs\u00edr v\u00edz\u00e1ll\u00f3, kalcium-szappannal s\u0171r\u00edtett, grafitot tartalmaz\u00f3 ken\u0151zs\u00edr. A term\u00e9k kiv\u00e1l\u00f3 v\u00edz\u00e1ll\u00f3s\u00e1got \u00e9s j\u00f3 korr\u00f3zi\u00f3v\u00e9delmet biztos\u00edt k\u00fcl\u00f6nf\u00e9le alkalmaz\u00e1sokban \u00e9s a megadott h\u0151m\u00e9rs\u00e9kleti tartom\u00e1nyban. A nagyon finom grafitpor hozz\u00e1ad\u00e1sa jelent\u0151sen jav\u00edtja a kop\u00e1s elleni v\u00e9delmet.<\/p>","protected":false},"featured_media":439,"comment_status":"open","ping_status":"closed","template":"","meta":[],"product_brand":[],"product_cat":[74],"product_tag":[],"class_list":{"0":"post-1262","1":"product","2":"type-product","3":"status-publish","4":"has-post-thumbnail","6":"product_cat-unsori","7":"pa_aplicabilitate-autoturisme","8":"pa_aplicabilitate-camioane","9":"pa_aplicabilitate-motociclete","10":"pa_aplicabilitate-utilaje-agricole","11":"pa_aplicabilitate-utilaje-hidraulice","13":"first","14":"instock","15":"featured","16":"shipping-taxable","17":"product-type-simple"},"_links":{"self":[{"href":"https:\/\/krossoil.ro\/hu\/wp-json\/wp\/v2\/product\/1262","targetHints":{"allow":["GET"]}}],"collection":[{"href":"https:\/\/krossoil.ro\/hu\/wp-json\/wp\/v2\/product"}],"about":[{"href":"https:\/\/krossoil.ro\/hu\/wp-json\/wp\/v2\/types\/product"}],"replies":[{"embeddable":true,"href":"https:\/\/krossoil.ro\/hu\/wp-json\/wp\/v2\/comments?post=1262"}],"wp:featuredmedia":[{"embeddable":true,"href":"https:\/\/krossoil.ro\/hu\/wp-json\/wp\/v2\/media\/439"}],"wp:attachment":[{"href":"https:\/\/krossoil.ro\/hu\/wp-json\/wp\/v2\/media?parent=1262"}],"wp:term":[{"taxonomy":"product_brand","embeddable":true,"href":"https:\/\/krossoil.ro\/hu\/wp-json\/wp\/v2\/product_brand?post=1262"},{"taxonomy":"product_cat","embeddable":true,"href":"https:\/\/krossoil.ro\/hu\/wp-json\/wp\/v2\/product_cat?post=1262"},{"taxonomy":"product_tag","embeddable":true,"href":"https:\/\/krossoil.ro\/hu\/wp-json\/wp\/v2\/product_tag?post=1262"}],"curies":[{"name":"wp","href":"https:\/\/api.w.org\/{rel}","templated":true}]}}