{"id":1263,"date":"2025-01-17T11:26:55","date_gmt":"2025-01-17T09:26:55","guid":{"rendered":"https:\/\/dev.krossoil.ro\/catalog\/uncategorized\/kross-li-ca-2\/"},"modified":"2026-02-25T16:23:26","modified_gmt":"2026-02-25T14:23:26","slug":"kross-li-ca-2","status":"publish","type":"product","link":"https:\/\/krossoil.ro\/hu\/catalog\/unsori\/kross-li-ca-2\/","title":{"rendered":"UNSOARE LI CA-2"},"content":{"rendered":"","protected":false},"excerpt":{"rendered":"<p>T\u00f6bbc\u00e9l\u00fa, extr\u00e9m nyom\u00e1st\u0171r\u0151 (EP) zs\u00edr l\u00edtium- \u00e9s kalcium-s\u0171r\u00edt\u00e9ssel. A KROSS LI Ca-2 zs\u00edr kiv\u00e1l\u00f3 v\u00edz\u00e1ll\u00f3s\u00e1got biztos\u00edt, \u00e9s v\u00e9di a kenett alkatr\u00e9szeket a kop\u00e1st\u00f3l \u00e9s a korr\u00f3zi\u00f3t\u00f3l. Aj\u00e1nlott cs\u00fasz\u00f3- \u00e9s g\u00f6rd\u00fcl\u0151csap\u00e1gyak ken\u00e9s\u00e9re, amelyek nagy terhel\u00e9s alatt \u00e9s\/vagy nedves k\u00f6rnyezetben m\u0171k\u00f6dnek.<\/p>","protected":false},"featured_media":440,"comment_status":"open","ping_status":"closed","template":"","meta":[],"product_brand":[],"product_cat":[74],"product_tag":[],"class_list":{"0":"post-1263","1":"product","2":"type-product","3":"status-publish","4":"has-post-thumbnail","6":"product_cat-unsori","7":"pa_aplicabilitate-autoturisme","8":"pa_aplicabilitate-camioane","9":"pa_aplicabilitate-motociclete","10":"pa_aplicabilitate-utilaje-agricole","11":"pa_aplicabilitate-utilaje-hidraulice","13":"first","14":"instock","15":"featured","16":"shipping-taxable","17":"product-type-simple"},"_links":{"self":[{"href":"https:\/\/krossoil.ro\/hu\/wp-json\/wp\/v2\/product\/1263","targetHints":{"allow":["GET"]}}],"collection":[{"href":"https:\/\/krossoil.ro\/hu\/wp-json\/wp\/v2\/product"}],"about":[{"href":"https:\/\/krossoil.ro\/hu\/wp-json\/wp\/v2\/types\/product"}],"replies":[{"embeddable":true,"href":"https:\/\/krossoil.ro\/hu\/wp-json\/wp\/v2\/comments?post=1263"}],"wp:featuredmedia":[{"embeddable":true,"href":"https:\/\/krossoil.ro\/hu\/wp-json\/wp\/v2\/media\/440"}],"wp:attachment":[{"href":"https:\/\/krossoil.ro\/hu\/wp-json\/wp\/v2\/media?parent=1263"}],"wp:term":[{"taxonomy":"product_brand","embeddable":true,"href":"https:\/\/krossoil.ro\/hu\/wp-json\/wp\/v2\/product_brand?post=1263"},{"taxonomy":"product_cat","embeddable":true,"href":"https:\/\/krossoil.ro\/hu\/wp-json\/wp\/v2\/product_cat?post=1263"},{"taxonomy":"product_tag","embeddable":true,"href":"https:\/\/krossoil.ro\/hu\/wp-json\/wp\/v2\/product_tag?post=1263"}],"curies":[{"name":"wp","href":"https:\/\/api.w.org\/{rel}","templated":true}]}}