{"id":1268,"date":"2025-01-17T11:26:56","date_gmt":"2025-01-17T09:26:56","guid":{"rendered":"https:\/\/dev.krossoil.ro\/catalog\/uncategorized\/hydro-hlp32\/"},"modified":"2026-03-20T10:46:15","modified_gmt":"2026-03-20T08:46:15","slug":"hydro-hlp32","status":"publish","type":"product","link":"https:\/\/krossoil.ro\/hu\/catalog\/ulei-hidraulic\/hydro-hlp32\/","title":{"rendered":"HYDRO HLP32"},"content":{"rendered":"","protected":false},"excerpt":{"rendered":"<p>Kiv\u00e1l\u00f3 min\u0151s\u00e9g\u0171, t\u00f6bbfokozat\u00fa, \u00e1sv\u00e1nyi hidraulikaolaj extr\u00e9m nyom\u00e1s\u00e1ll\u00f3 tulajdons\u00e1gokkal. Alkalmas neh\u00e9z \u00fczemeltet\u00e9si k\u00f6r\u00fclm\u00e9nyekre, \u00e9s v\u00e9di a berendez\u00e9seket a kop\u00e1st\u00f3l \u00e9s a korr\u00f3zi\u00f3t\u00f3l. Kiv\u00e1l\u00f3 teljes\u00edtm\u00e9nyt ny\u00fajt, j\u00f3 habz\u00e1sg\u00e1tl\u00f3 tulajdons\u00e1gokkal rendelkezik, meghosszabb\u00edtja a sz\u0171r\u0151 \u00e9s az olaj \u00e9lettartam\u00e1t, megel\u0151zi a rendszerhib\u00e1kat, \u00e9s cs\u00f6kkenti az \u00fczemeltet\u00e9si k\u00f6lts\u00e9geket az \u00e1ll\u00e1sid\u0151 minimaliz\u00e1l\u00e1s\u00e1val.<\/p>","protected":false},"featured_media":2469,"comment_status":"open","ping_status":"closed","template":"","meta":[],"product_brand":[],"product_cat":[72],"product_tag":[],"class_list":{"0":"post-1268","1":"product","2":"type-product","3":"status-publish","4":"has-post-thumbnail","6":"product_cat-ulei-hidraulic","7":"pa_aplicabilitate-utilaje-agricole","8":"pa_aplicabilitate-utilaje-hidraulice","10":"first","11":"instock","12":"shipping-taxable","13":"product-type-simple"},"_links":{"self":[{"href":"https:\/\/krossoil.ro\/hu\/wp-json\/wp\/v2\/product\/1268","targetHints":{"allow":["GET"]}}],"collection":[{"href":"https:\/\/krossoil.ro\/hu\/wp-json\/wp\/v2\/product"}],"about":[{"href":"https:\/\/krossoil.ro\/hu\/wp-json\/wp\/v2\/types\/product"}],"replies":[{"embeddable":true,"href":"https:\/\/krossoil.ro\/hu\/wp-json\/wp\/v2\/comments?post=1268"}],"wp:featuredmedia":[{"embeddable":true,"href":"https:\/\/krossoil.ro\/hu\/wp-json\/wp\/v2\/media\/2469"}],"wp:attachment":[{"href":"https:\/\/krossoil.ro\/hu\/wp-json\/wp\/v2\/media?parent=1268"}],"wp:term":[{"taxonomy":"product_brand","embeddable":true,"href":"https:\/\/krossoil.ro\/hu\/wp-json\/wp\/v2\/product_brand?post=1268"},{"taxonomy":"product_cat","embeddable":true,"href":"https:\/\/krossoil.ro\/hu\/wp-json\/wp\/v2\/product_cat?post=1268"},{"taxonomy":"product_tag","embeddable":true,"href":"https:\/\/krossoil.ro\/hu\/wp-json\/wp\/v2\/product_tag?post=1268"}],"curies":[{"name":"wp","href":"https:\/\/api.w.org\/{rel}","templated":true}]}}