{"id":1272,"date":"2025-01-17T11:26:56","date_gmt":"2025-01-17T09:26:56","guid":{"rendered":"https:\/\/dev.krossoil.ro\/catalog\/uncategorized\/2t-red-power\/"},"modified":"2026-02-25T16:23:26","modified_gmt":"2026-02-25T14:23:26","slug":"2t-red-power","status":"publish","type":"product","link":"https:\/\/krossoil.ro\/hu\/catalog\/motociclete\/2t-red-power\/","title":{"rendered":"2T &#8211; RED POWER"},"content":{"rendered":"","protected":false},"excerpt":{"rendered":"<p>A 2T \u2013 RED POWER egy kifejezetten leveg\u0151h\u0171t\u00e9ses, k\u00e9t\u00fctem\u0171 benzinmotorokhoz fejlesztett olaj. Kiv\u00e1l\u00f3 v\u00e9delmet ny\u00fajt a dugatty\u00fak \u00e9s a gy\u0171r\u0171k sz\u00e1m\u00e1ra a t\u00falmeleged\u00e9s ellen, valamint hat\u00e9kony korr\u00f3zi\u00f3v\u00e9delmet biztos\u00edt minden h\u0151m\u00e9rs\u00e9kleti k\u00f6r\u00fclm\u00e9ny k\u00f6z\u00f6tt.<\/p>","protected":false},"featured_media":414,"comment_status":"open","ping_status":"closed","template":"","meta":[],"product_brand":[],"product_cat":[70],"product_tag":[],"class_list":{"0":"post-1272","1":"product","2":"type-product","3":"status-publish","4":"has-post-thumbnail","6":"product_cat-motociclete","7":"pa_aplicabilitate-motociclete","9":"first","10":"instock","11":"shipping-taxable","12":"product-type-simple"},"_links":{"self":[{"href":"https:\/\/krossoil.ro\/hu\/wp-json\/wp\/v2\/product\/1272","targetHints":{"allow":["GET"]}}],"collection":[{"href":"https:\/\/krossoil.ro\/hu\/wp-json\/wp\/v2\/product"}],"about":[{"href":"https:\/\/krossoil.ro\/hu\/wp-json\/wp\/v2\/types\/product"}],"replies":[{"embeddable":true,"href":"https:\/\/krossoil.ro\/hu\/wp-json\/wp\/v2\/comments?post=1272"}],"wp:featuredmedia":[{"embeddable":true,"href":"https:\/\/krossoil.ro\/hu\/wp-json\/wp\/v2\/media\/414"}],"wp:attachment":[{"href":"https:\/\/krossoil.ro\/hu\/wp-json\/wp\/v2\/media?parent=1272"}],"wp:term":[{"taxonomy":"product_brand","embeddable":true,"href":"https:\/\/krossoil.ro\/hu\/wp-json\/wp\/v2\/product_brand?post=1272"},{"taxonomy":"product_cat","embeddable":true,"href":"https:\/\/krossoil.ro\/hu\/wp-json\/wp\/v2\/product_cat?post=1272"},{"taxonomy":"product_tag","embeddable":true,"href":"https:\/\/krossoil.ro\/hu\/wp-json\/wp\/v2\/product_tag?post=1272"}],"curies":[{"name":"wp","href":"https:\/\/api.w.org\/{rel}","templated":true}]}}