{"id":1273,"date":"2025-01-17T11:26:56","date_gmt":"2025-01-17T09:26:56","guid":{"rendered":"https:\/\/dev.krossoil.ro\/catalog\/uncategorized\/2t-green-power\/"},"modified":"2026-02-25T16:23:26","modified_gmt":"2026-02-25T14:23:26","slug":"2t-green-power","status":"publish","type":"product","link":"https:\/\/krossoil.ro\/hu\/catalog\/motociclete\/2t-green-power\/","title":{"rendered":"2T &#8211; GREEN POWER"},"content":{"rendered":"","protected":false},"excerpt":{"rendered":"<p>A 2T \u2013 GREEN POWER egy el\u0151kevert, f\u00e9lszintetikus olaj, amelyet kifejezetten nagy teljes\u00edtm\u00e9ny\u0171, k\u00e9t\u00fctem\u0171 benzinmotorok ken\u00e9s\u00e9re fejlesztettek ki. Ez az olaj a kiv\u00e1l\u00f3 ken\u0151k\u00e9pess\u00e9get \u00e9s a h\u0151stabilit\u00e1st \u00f6tv\u00f6zi. K\u00f6nnyen elegyedik a benzinnel, \u00edgy hat\u00e9kony v\u00e9delmet ny\u00fajt a lerak\u00f3d\u00e1sok kialakul\u00e1sa ellen.<\/p>","protected":false},"featured_media":415,"comment_status":"open","ping_status":"closed","template":"","meta":[],"product_brand":[],"product_cat":[70],"product_tag":[],"class_list":{"0":"post-1273","1":"product","2":"type-product","3":"status-publish","4":"has-post-thumbnail","6":"product_cat-motociclete","7":"pa_aplicabilitate-motociclete","9":"first","10":"instock","11":"shipping-taxable","12":"product-type-simple"},"_links":{"self":[{"href":"https:\/\/krossoil.ro\/hu\/wp-json\/wp\/v2\/product\/1273","targetHints":{"allow":["GET"]}}],"collection":[{"href":"https:\/\/krossoil.ro\/hu\/wp-json\/wp\/v2\/product"}],"about":[{"href":"https:\/\/krossoil.ro\/hu\/wp-json\/wp\/v2\/types\/product"}],"replies":[{"embeddable":true,"href":"https:\/\/krossoil.ro\/hu\/wp-json\/wp\/v2\/comments?post=1273"}],"wp:featuredmedia":[{"embeddable":true,"href":"https:\/\/krossoil.ro\/hu\/wp-json\/wp\/v2\/media\/415"}],"wp:attachment":[{"href":"https:\/\/krossoil.ro\/hu\/wp-json\/wp\/v2\/media?parent=1273"}],"wp:term":[{"taxonomy":"product_brand","embeddable":true,"href":"https:\/\/krossoil.ro\/hu\/wp-json\/wp\/v2\/product_brand?post=1273"},{"taxonomy":"product_cat","embeddable":true,"href":"https:\/\/krossoil.ro\/hu\/wp-json\/wp\/v2\/product_cat?post=1273"},{"taxonomy":"product_tag","embeddable":true,"href":"https:\/\/krossoil.ro\/hu\/wp-json\/wp\/v2\/product_tag?post=1273"}],"curies":[{"name":"wp","href":"https:\/\/api.w.org\/{rel}","templated":true}]}}