{"id":1274,"date":"2025-01-17T11:26:56","date_gmt":"2025-01-17T09:26:56","guid":{"rendered":"https:\/\/dev.krossoil.ro\/catalog\/uncategorized\/4t-10w-40-semisythetic\/"},"modified":"2026-02-25T16:23:26","modified_gmt":"2026-02-25T14:23:26","slug":"4t-10w-40-semisythetic","status":"publish","type":"product","link":"https:\/\/krossoil.ro\/hu\/catalog\/motociclete\/4t-10w-40-semisythetic\/","title":{"rendered":"4T &#8211; 10W-40 SEMISYTHETIC"},"content":{"rendered":"","protected":false},"excerpt":{"rendered":"<p>A 4T \u2013 10W40 SEMISYNTHETIC egy t\u00f6bbfokozat\u00fa olaj, amely hidrokezelt alapolajon alapul. Az alapolajok gondos kiv\u00e1laszt\u00e1sa jobb foly\u00e9konys\u00e1got biztos\u00edt alacsony h\u0151m\u00e9rs\u00e9kleten, megk\u00f6nny\u00edtve a hidegind\u00edt\u00e1st \u00e9s biztos\u00edtva az olaj megfelel\u0151 kering\u00e9s\u00e9t a motorban.<\/p>","protected":false},"featured_media":416,"comment_status":"open","ping_status":"closed","template":"","meta":[],"product_brand":[],"product_cat":[70],"product_tag":[],"class_list":{"0":"post-1274","1":"product","2":"type-product","3":"status-publish","4":"has-post-thumbnail","6":"product_cat-motociclete","7":"pa_aplicabilitate-motociclete","9":"first","10":"instock","11":"shipping-taxable","12":"product-type-simple"},"_links":{"self":[{"href":"https:\/\/krossoil.ro\/hu\/wp-json\/wp\/v2\/product\/1274","targetHints":{"allow":["GET"]}}],"collection":[{"href":"https:\/\/krossoil.ro\/hu\/wp-json\/wp\/v2\/product"}],"about":[{"href":"https:\/\/krossoil.ro\/hu\/wp-json\/wp\/v2\/types\/product"}],"replies":[{"embeddable":true,"href":"https:\/\/krossoil.ro\/hu\/wp-json\/wp\/v2\/comments?post=1274"}],"wp:featuredmedia":[{"embeddable":true,"href":"https:\/\/krossoil.ro\/hu\/wp-json\/wp\/v2\/media\/416"}],"wp:attachment":[{"href":"https:\/\/krossoil.ro\/hu\/wp-json\/wp\/v2\/media?parent=1274"}],"wp:term":[{"taxonomy":"product_brand","embeddable":true,"href":"https:\/\/krossoil.ro\/hu\/wp-json\/wp\/v2\/product_brand?post=1274"},{"taxonomy":"product_cat","embeddable":true,"href":"https:\/\/krossoil.ro\/hu\/wp-json\/wp\/v2\/product_cat?post=1274"},{"taxonomy":"product_tag","embeddable":true,"href":"https:\/\/krossoil.ro\/hu\/wp-json\/wp\/v2\/product_tag?post=1274"}],"curies":[{"name":"wp","href":"https:\/\/api.w.org\/{rel}","templated":true}]}}