{"id":1283,"date":"2025-01-17T11:26:58","date_gmt":"2025-01-17T09:26:58","guid":{"rendered":"https:\/\/dev.krossoil.ro\/catalog\/uncategorized\/copper-grease\/"},"modified":"2026-02-25T16:23:27","modified_gmt":"2026-02-25T14:23:27","slug":"copper-grease","status":"publish","type":"product","link":"https:\/\/krossoil.ro\/hu\/catalog\/spray-uri-tehnice\/copper-grease\/","title":{"rendered":"COPPER GREASE"},"content":{"rendered":"","protected":false},"excerpt":{"rendered":"<p>A COPPER GREASE egy kiv\u00e1l\u00f3 min\u0151s\u00e9g\u0171, univerz\u00e1lisan alkalmazhat\u00f3 szerel\u0151paszta, amely aut\u00f3ipari, tengeri \u00e9s ipari felhaszn\u00e1l\u00e1sra is alkalmas, extr\u00e9m k\u00f6r\u00fclm\u00e9nyek k\u00f6z\u00f6tt. A COPPER GREASE tart\u00f3s ken\u0151filmet biztos\u00edt, -40\u00b0C \u00e9s +1.100\u00b0C k\u00f6z\u00f6tti h\u0151stabilit\u00e1ssal. Megk\u00f6nny\u00edti a menetes csatlakoz\u00e1sok \u00f6sszeszerel\u00e9s\u00e9t \u00e9s sz\u00e9tszerel\u00e9s\u00e9t, valamint megakad\u00e1lyozza az alkatr\u00e9szek ber\u00e1g\u00f3d\u00e1s\u00e1t, \u00f6sszeolvad\u00e1s\u00e1t vagy hegeszt\u00e9s\u00e9t. Hossz\u00fa t\u00e1v\u00fa v\u00e9delmet ny\u00fajt a nagy nyom\u00e1snak, magas h\u0151m\u00e9rs\u00e9kletnek \u00e9s korroz\u00edv hat\u00e1soknak kitett alkatr\u00e9szeknek. Megv\u00e9di a csavaros k\u00f6t\u00e9sek fel\u00fcleteit a savakt\u00f3l, v\u00edzt\u0151l, s\u00f3t\u00f3l \u00e9s id\u0151j\u00e1r\u00e1si hat\u00e1sokt\u00f3l.<\/p>","protected":false},"featured_media":473,"comment_status":"open","ping_status":"closed","template":"","meta":[],"product_brand":[],"product_cat":[73],"product_tag":[],"class_list":{"0":"post-1283","1":"product","2":"type-product","3":"status-publish","4":"has-post-thumbnail","6":"product_cat-spray-uri-tehnice","7":"pa_aplicabilitate-autoturisme","8":"pa_aplicabilitate-camioane","9":"pa_aplicabilitate-motociclete","10":"pa_aplicabilitate-utilaje-agricole","11":"pa_aplicabilitate-utilaje-hidraulice","13":"first","14":"instock","15":"featured","16":"shipping-taxable","17":"product-type-simple"},"_links":{"self":[{"href":"https:\/\/krossoil.ro\/hu\/wp-json\/wp\/v2\/product\/1283","targetHints":{"allow":["GET"]}}],"collection":[{"href":"https:\/\/krossoil.ro\/hu\/wp-json\/wp\/v2\/product"}],"about":[{"href":"https:\/\/krossoil.ro\/hu\/wp-json\/wp\/v2\/types\/product"}],"replies":[{"embeddable":true,"href":"https:\/\/krossoil.ro\/hu\/wp-json\/wp\/v2\/comments?post=1283"}],"wp:featuredmedia":[{"embeddable":true,"href":"https:\/\/krossoil.ro\/hu\/wp-json\/wp\/v2\/media\/473"}],"wp:attachment":[{"href":"https:\/\/krossoil.ro\/hu\/wp-json\/wp\/v2\/media?parent=1283"}],"wp:term":[{"taxonomy":"product_brand","embeddable":true,"href":"https:\/\/krossoil.ro\/hu\/wp-json\/wp\/v2\/product_brand?post=1283"},{"taxonomy":"product_cat","embeddable":true,"href":"https:\/\/krossoil.ro\/hu\/wp-json\/wp\/v2\/product_cat?post=1283"},{"taxonomy":"product_tag","embeddable":true,"href":"https:\/\/krossoil.ro\/hu\/wp-json\/wp\/v2\/product_tag?post=1283"}],"curies":[{"name":"wp","href":"https:\/\/api.w.org\/{rel}","templated":true}]}}