{"id":1284,"date":"2025-01-17T11:26:58","date_gmt":"2025-01-17T09:26:58","guid":{"rendered":"https:\/\/dev.krossoil.ro\/catalog\/uncategorized\/carrus-td-15w40\/"},"modified":"2026-02-25T16:23:27","modified_gmt":"2026-02-25T14:23:27","slug":"carrus-td-15w40","status":"publish","type":"product","link":"https:\/\/krossoil.ro\/hu\/catalog\/camioane\/carrus-td-15w40\/","title":{"rendered":"CARRUS TD 15W40"},"content":{"rendered":"","protected":false},"excerpt":{"rendered":"<p>A CARRUS TD 15W40 motorolaj az ide\u00e1lis v\u00e1laszt\u00e1s nagy d\u00edzelmotorokhoz, mivel egy univerz\u00e1lis term\u00e9k, amely megfelel a leg\u00fajabb eur\u00f3pai \u00e9s amerikai el\u0151\u00edr\u00e1soknak. Ez az olaj megb\u00edzhat\u00f3 v\u00e9delmet ny\u00fajt a motorban \u00e9s a turb\u00f3felt\u00f6lt\u0151 olajvezet\u00e9k\u00e9ben l\u00e9v\u0151 lerak\u00f3d\u00e1sok ellen, mik\u00f6zben n\u00f6veli a vez\u00e9rm\u0171tengely \u00e9lettartam\u00e1t.<\/p>","protected":false},"featured_media":476,"comment_status":"open","ping_status":"closed","template":"","meta":[],"product_brand":[],"product_cat":[69],"product_tag":[],"class_list":{"0":"post-1284","1":"product","2":"type-product","3":"status-publish","4":"has-post-thumbnail","6":"product_cat-camioane","7":"pa_aplicabilitate-camioane","9":"first","10":"instock","11":"shipping-taxable","12":"product-type-simple"},"_links":{"self":[{"href":"https:\/\/krossoil.ro\/hu\/wp-json\/wp\/v2\/product\/1284","targetHints":{"allow":["GET"]}}],"collection":[{"href":"https:\/\/krossoil.ro\/hu\/wp-json\/wp\/v2\/product"}],"about":[{"href":"https:\/\/krossoil.ro\/hu\/wp-json\/wp\/v2\/types\/product"}],"replies":[{"embeddable":true,"href":"https:\/\/krossoil.ro\/hu\/wp-json\/wp\/v2\/comments?post=1284"}],"wp:featuredmedia":[{"embeddable":true,"href":"https:\/\/krossoil.ro\/hu\/wp-json\/wp\/v2\/media\/476"}],"wp:attachment":[{"href":"https:\/\/krossoil.ro\/hu\/wp-json\/wp\/v2\/media?parent=1284"}],"wp:term":[{"taxonomy":"product_brand","embeddable":true,"href":"https:\/\/krossoil.ro\/hu\/wp-json\/wp\/v2\/product_brand?post=1284"},{"taxonomy":"product_cat","embeddable":true,"href":"https:\/\/krossoil.ro\/hu\/wp-json\/wp\/v2\/product_cat?post=1284"},{"taxonomy":"product_tag","embeddable":true,"href":"https:\/\/krossoil.ro\/hu\/wp-json\/wp\/v2\/product_tag?post=1284"}],"curies":[{"name":"wp","href":"https:\/\/api.w.org\/{rel}","templated":true}]}}