{"id":1285,"date":"2025-01-17T11:26:58","date_gmt":"2025-01-17T09:26:58","guid":{"rendered":"https:\/\/dev.krossoil.ro\/catalog\/uncategorized\/carrus-td-10w40\/"},"modified":"2026-02-25T16:23:27","modified_gmt":"2026-02-25T14:23:27","slug":"carrus-td-10w40","status":"publish","type":"product","link":"https:\/\/krossoil.ro\/hu\/catalog\/camioane\/carrus-td-10w40\/","title":{"rendered":"CARRUS TD 10W40"},"content":{"rendered":"","protected":false},"excerpt":{"rendered":"<p>A CARRUS TD 10W40 egy kiv\u00e1l\u00f3 min\u0151s\u00e9g\u0171 (UHPD), f\u00e9lszintetikus, t\u00f6bbfokozat\u00fa motorolaj, amely jelent\u0151sen cs\u00f6kkenti a r\u00e9szecskekibocs\u00e1t\u00e1st, \u00edgy optim\u00e1lis k\u00f6rnyezetv\u00e9delmet biztos\u00edt. Fejlett adal\u00e9kanyagainak k\u00f6sz\u00f6nhet\u0151en maxim\u00e1lis olajcsere-intervallumokat \u00e9s hossz\u00fa motor\u00e9lettartamot garant\u00e1l.<\/p>","protected":false},"featured_media":483,"comment_status":"open","ping_status":"closed","template":"","meta":[],"product_brand":[],"product_cat":[69],"product_tag":[],"class_list":{"0":"post-1285","1":"product","2":"type-product","3":"status-publish","4":"has-post-thumbnail","6":"product_cat-camioane","7":"pa_aplicabilitate-camioane","9":"first","10":"instock","11":"shipping-taxable","12":"product-type-simple"},"_links":{"self":[{"href":"https:\/\/krossoil.ro\/hu\/wp-json\/wp\/v2\/product\/1285","targetHints":{"allow":["GET"]}}],"collection":[{"href":"https:\/\/krossoil.ro\/hu\/wp-json\/wp\/v2\/product"}],"about":[{"href":"https:\/\/krossoil.ro\/hu\/wp-json\/wp\/v2\/types\/product"}],"replies":[{"embeddable":true,"href":"https:\/\/krossoil.ro\/hu\/wp-json\/wp\/v2\/comments?post=1285"}],"wp:featuredmedia":[{"embeddable":true,"href":"https:\/\/krossoil.ro\/hu\/wp-json\/wp\/v2\/media\/483"}],"wp:attachment":[{"href":"https:\/\/krossoil.ro\/hu\/wp-json\/wp\/v2\/media?parent=1285"}],"wp:term":[{"taxonomy":"product_brand","embeddable":true,"href":"https:\/\/krossoil.ro\/hu\/wp-json\/wp\/v2\/product_brand?post=1285"},{"taxonomy":"product_cat","embeddable":true,"href":"https:\/\/krossoil.ro\/hu\/wp-json\/wp\/v2\/product_cat?post=1285"},{"taxonomy":"product_tag","embeddable":true,"href":"https:\/\/krossoil.ro\/hu\/wp-json\/wp\/v2\/product_tag?post=1285"}],"curies":[{"name":"wp","href":"https:\/\/api.w.org\/{rel}","templated":true}]}}