{"id":237,"date":"2025-01-10T12:35:28","date_gmt":"2025-01-10T10:35:28","guid":{"rendered":"https:\/\/dev.krossoil.ro\/?page_id=237"},"modified":"2025-10-21T10:47:08","modified_gmt":"2025-10-21T08:47:08","slug":"termeni-si-conditii","status":"publish","type":"page","link":"https:\/\/krossoil.ro\/it\/termeni-si-conditii\/","title":{"rendered":"Termeni si conditii"},"content":{"rendered":"<div class=\"row align-center\"  id=\"row-794871539\">\n\n\t<div id=\"col-1257850611\" class=\"col small-12 large-12\"  >\n\t\t\t\t<div class=\"col-inner\"  >\n\t\t\t\n\t\t\t\n\t<div id=\"gap-1215465160\" class=\"gap-element clearfix\" style=\"display:block; height:auto;\">\n\t\t\n<style>\n#gap-1215465160 {\n  padding-top: 10vh;\n}\n<\/style>\n\t<\/div>\n\t\n<h2><span style=\"font-weight: 600;\">Termini e Condizioni d\u2019Uso<\/span><\/h2>\n<p><strong>La visita o l\u2019utilizzo dei prodotti visualizzati sul sito www.krossoil.ro implica l\u2019accettazione dei Termini e Condizioni d\u2019uso dettagliati di seguito. Per un corretto utilizzo del sito, si raccomanda di leggere attentamente i Termini e Condizioni.<\/strong><\/p>\n<h3>Commerciante Online<\/h3>\n<p class=\"translation-block\"><strong>www.krossoil.ro<\/strong> \u00e8 un servizio online gestito da S.C. CONEX DISTRIBUTION S.A., con sede legale e indirizzo di corrispondenza a Ia\u0219i, via Calea Chi\u0219in\u0103ului, n. 32, CAP 700180, distretto di Ia\u0219i, Romania, registrata presso il Registro delle Imprese con il n. J22\/2934\/2003, P.IVA 16019310, capitale sociale 27.445.500 Lei, conto bancario n. RO10BACX0000000487006000 aperto presso Unicredit Ia\u0219i, e-mail: marketing@conexdist.ro.<\/p>\n<p class=\"translation-block\">Ci riserviamo il diritto di apportare modifiche ai presenti Termini e Condizioni, nonch\u00e9 qualsiasi modifica al sito <strong>www.krossoil.ro<\/strong>, senza preavviso. Accedendo alla pagina Termini e Condizioni, \u00e8 sempre possibile leggere la versione pi\u00f9 recente di tali disposizioni.<\/p>\n<p>Il rapporto tra le parti \u00e8 regolato dai seguenti atti normativi:<\/p>\n<ul>\n<li>Ordinanza del Governo n. 21\/1992 sulla tutela dei consumatori<\/li>\n<li>Decreto-legge del Governo n. 34\/2014 sui diritti dei consumatori nei contratti conclusi con i professionisti<\/li>\n<li>Legge n. 363\/2007 sulla lotta contro le pratiche commerciali sleali nei rapporti tra commercianti e consumatori e sull\u2019armonizzazione delle normative con la legislazione europea in materia di tutela dei consumatori<\/li>\n<li>Legge n. 365\/2002 sul Commercio Elettronico<\/li>\n<\/ul>\n<h3>Propriet\u00e0 intellettuale e diritto d\u2019autore<\/h3>\n<p class=\"translation-block\">L\u2019intero contenuto del sito <strong>www.krossoil.ro<\/strong>, inclusi testi, immagini, grafica, elementi di design web, script e qualsiasi altro dato, \u00e8 di propriet\u00e0 della S.C. CONEX DISTRIBUTION S.A. o dei suoi fornitori ed \u00e8 protetto ai sensi della Legge sul diritto d\u2019autore e delle leggi sulla propriet\u00e0 intellettuale e industriale. L\u2019utilizzo di qualsiasi elemento del sito <strong>www.krossoil.ro<\/strong> o di qualsiasi elemento sopra elencato senza consenso scritto \u00e8 punibile secondo le leggi vigenti. Per segnalare diritti di propriet\u00e0 intellettuale, \u00e8 possibile utilizzare l\u2019indirizzo e-mail marketing@conexdist.ro.<\/p>\n<h3>Fornitura di informazioni personali<\/h3>\n<p class=\"translation-block\">La fornitura dei servizi su <strong>www.krossoil.ro<\/strong> inizier\u00e0 immediatamente dopo il completamento di tutte le formalit\u00e0 di registrazione richieste. Le informazioni fornite devono essere corrette. Scegliendo di registrarti, ti impegni a fornirci il tuo nome, indirizzo e altre informazioni utili in modo accurato. Per correggere o aggiornare tali informazioni, accedi al tuo account. Accedendo al tuo account e utilizzando la password personale, sei responsabile di tutte le azioni derivanti dal suo utilizzo. SC CONEX DISTRIBUTION SA non pu\u00f2 essere ritenuta responsabile per errori derivanti dalla negligenza dell\u2019utente in merito alla sicurezza e alla riservatezza dell\u2019account e della password.<\/p>\n<h3>Sicurezza dei dati personali<\/h3>\n<p class=\"translation-block\">I vostri dati personali potranno essere utilizzati da SC CONEX DISTRIBUTION SA per inviarvi informazioni via e-mail, posta o altri mezzi di comunicazione riguardo a iniziative future, la realizzazione di rapporti statistici, ecc. I vostri dati personali potranno essere trasmessi alle autorit\u00e0 competenti ai fini di eventuali verifiche giustificate dalla legge. Le informazioni fornite dai clienti sono strettamente confidenziali. SC CONEX DISTRIBUTION SA si impegna nei confronti dei propri clienti a non fornire tali dati a terze parti o societ\u00e0 e a utilizzarli esclusivamente per la relazione commerciale tra il cliente e SC CONEX DISTRIBUTION SA.<br>Questo sito utilizza misure di sicurezza contro la perdita, l\u2019alterazione o l\u2019uso improprio delle informazioni sotto il nostro controllo. SC CONEX DISTRIBUTION SA si impegna a rispettare i vostri diritti previsti dalla Legge 677\/2001 e, su vostra richiesta inviata all\u2019indirizzo marketing@conexdist.ro, si impegna a: rettificare, aggiornare, bloccare, cancellare o trasformare in dati anonimi, gratuitamente, i dati il cui trattamento non \u00e8 conforme alle disposizioni della Legge 677\/2001 sulla protezione delle persone fisiche riguardo al trattamento dei dati personali e la libera circolazione di tali dati; cessare il trattamento dei vostri dati personali.<br>SC CONEX DISTRIBUTION SA certifica di rispettare i diritti conferiti dalla Legge 677\/2001 sulla protezione delle persone fisiche in merito al trattamento dei dati personali e alla libera circolazione di tali dati, dalla Legge 365\/2002 sul commercio elettronico e dall\u2019Ordinanza 130\/2000 sulla protezione dei consumatori nella conclusione ed esecuzione dei contratti a distanza, con le successive modifiche. Tra questi diritti figurano (a titolo non esaustivo):<br>il diritto di richiedere a SC CONEX DISTRIBUTION SA la conferma del trattamento o meno dei propri dati personali, gratuitamente una volta all\u2019anno;<\/p>\n<ul>\n<li>il diritto di chiedere a SC CONEX DISTRIBUTION SA di rettificare, aggiornare, bloccare o cancellare gratuitamente i dati forniti la cui elaborazione non \u00e8 conforme alle disposizioni della Legge n. 677\/2001;<\/li>\n<li class=\"translation-block\">il diritto di chiedere a SC CONEX DISTRIBUTION SA di cessare, gratuitamente, il trattamento dei propri dati personali;<br>Qualsiasi tentativo di accedere ai dati personali di un altro utente, modificare il contenuto del sito <strong>www.krossoil.ro<\/strong> o compromettere le prestazioni del server su cui \u00e8 ospitato il sito <strong>www.krossoil.ro<\/strong>, sar\u00e0 considerato un tentativo di frode e comporter\u00e0 l\u2019avvio di un\u2019indagine penale contro la persona o le persone che hanno tentato tale atto.<\/li>\n<\/ul>\n<h3>Presentazione dei servizi e descrizione dei prodotti<\/h3>\n<p class=\"translation-block\">SC CONEX DISTRIBUTION SA si riserva il diritto di apportare in qualsiasi momento modifiche ai dati tecnici presenti sul sito <strong>www.krossoil.ro<\/strong> senza preavviso. Le descrizioni dei prodotti presenti sul sito <strong>www.krossoil.ro<\/strong> hanno carattere puramente informativo e non costituiscono un obbligo contrattuale. Le fotografie presenti sul sito <strong>www.krossoil.ro<\/strong> hanno scopo illustrativo e possono esserci differenze rispetto ai prodotti reali.<\/p>\n<p>SC CONEX DISTRIBUTION SA non si assume la responsabilit\u00e0 e non pu\u00f2 essere ritenuta responsabile per eventuali danni derivanti dall\u2019uso dei prodotti acquistati in seguito alle raccomandazioni presenti su questo sito, per scopi diversi da quelli indicati dal produttore.<\/p>\n<p class=\"translation-block\">L\u2019intero contenuto del sito <strong>www.krossoil.ro<\/strong> \u2013 immagini, testi, grafica, simboli, elementi di design web, e-mail, script, programmi e altri dati \u2013 \u00e8 di propriet\u00e0 di <strong>www.krossoil.ro<\/strong> e dei suoi fornitori ed \u00e8 protetto dalla Legge per la tutela del diritto d\u2019autore (Legge n. 8\/1996) e dalle leggi sulla propriet\u00e0 intellettuale e industriale. L\u2019utilizzo di qualsiasi elemento sopra elencato senza il consenso di <strong>www.krossoil.ro<\/strong> \u00e8 punibile secondo la legislazione vigente.<\/p>\n<p class=\"translation-block\">I prodotti presentati su <strong>www.krossoil.ro<\/strong> sono prodotti e commercializzati da <strong>www.krossoil.ro<\/strong>. I prezzi dei prodotti possono essere modificati in qualsiasi momento. Controllate il prezzo finale di vendita prima di acquistare un prodotto.<\/p>\n<h3>Garanzie e limitazioni<\/h3>\n<p class=\"translation-block\"><strong>www.krossoil.ro<\/strong> non offre alcuna garanzia, esplicita o implicita, riguardo a questo sito. Tutto ci\u00f2 che riguarda questo sito \u00e8 fornito cos\u00ec com\u2019\u00e8, finch\u00e9 \u00e8 disponibile, senza alcun\u2019altra garanzia. SC CONEX DISTRIBUTION SA non si assume alcuna responsabilit\u00e0 nel caso in cui il sito non sia accessibile agli utenti per un periodo di tempo indefinito, per motivi tecnici o commerciali. Ci scusiamo per eventuali errori di utilizzo dovuti a modifiche, impostazioni o aggiornamenti effettuati dalla societ\u00e0 di hosting, ma l\u2019intera responsabilit\u00e0 ricade sull\u2019host. SC CONEX DISTRIBUTION SA si riserva il diritto di modificare, in parte o totalmente, i contenuti del sito in qualsiasi momento, senza preavviso agli utenti. SC CONEX DISTRIBUTION SA si riserva inoltre il diritto di sospendere o chiudere questo sito senza preavviso. SC CONEX DISTRIBUTION SA non fa alcun riferimento su questo sito alla compatibilit\u00e0 tra il computer degli utenti e il sito stesso. L\u2019accesso a questo sito avviene volontariamente e gli utenti si assumono in modo irrevocabile e incondizionato la responsabilit\u00e0 per l\u2019accesso.<\/p>\n<h3>Forza maggiore<\/h3>\n<p class=\"translation-block\"><strong>www.krossoil.ro<\/strong>, le sue affiliate e\/o i fornitori di prodotti o servizi a <strong>www.krossoil.ro<\/strong> non possono essere ritenuti responsabili per eventuali ritardi o errori derivanti direttamente o indirettamente da cause indipendenti dalla volont\u00e0 di <strong>www.krossoil.ro<\/strong>. Questa esenzione include, ma non si limita a: malfunzionamenti delle apparecchiature tecniche di <strong>www.krossoil.ro<\/strong>, interruzioni della connessione internet, guasti alle linee telefoniche, virus informatici, accessi non autorizzati ai sistemi di <strong>www.krossoil.ro<\/strong>, errori operativi, nonch\u00e9 i casi di forza maggiore previsti dalla legislazione vigente.<\/p>\n<h3>Pubblicit\u00e0<\/h3>\n<p class=\"translation-block\"><strong>www.krossoil.ro<\/strong> pu\u00f2 visualizzare sulle proprie pagine annunci relativi ai prodotti della propria offerta, nonch\u00e9 a prodotti o servizi di terzi. Utilizzando <strong>www.krossoil.ro<\/strong> e accettando i suoi Termini e Condizioni d\u2019Uso e l\u2019Informativa sulla Privacy, accettate espressamente di ricevere tali comunicazioni di carattere commerciale.<\/p>\n\t\t<\/div>\n\t\t\t\t\t<\/div>\n\n\t\n<\/div>","protected":false},"excerpt":{"rendered":"","protected":false},"author":2,"featured_media":0,"parent":0,"menu_order":0,"comment_status":"closed","ping_status":"closed","template":"page-blank.php","meta":{"footnotes":""},"class_list":["post-237","page","type-page","status-publish","hentry"],"_links":{"self":[{"href":"https:\/\/krossoil.ro\/it\/wp-json\/wp\/v2\/pages\/237","targetHints":{"allow":["GET"]}}],"collection":[{"href":"https:\/\/krossoil.ro\/it\/wp-json\/wp\/v2\/pages"}],"about":[{"href":"https:\/\/krossoil.ro\/it\/wp-json\/wp\/v2\/types\/page"}],"author":[{"embeddable":true,"href":"https:\/\/krossoil.ro\/it\/wp-json\/wp\/v2\/users\/2"}],"replies":[{"embeddable":true,"href":"https:\/\/krossoil.ro\/it\/wp-json\/wp\/v2\/comments?post=237"}],"version-history":[{"count":5,"href":"https:\/\/krossoil.ro\/it\/wp-json\/wp\/v2\/pages\/237\/revisions"}],"predecessor-version":[{"id":2390,"href":"https:\/\/krossoil.ro\/it\/wp-json\/wp\/v2\/pages\/237\/revisions\/2390"}],"wp:attachment":[{"href":"https:\/\/krossoil.ro\/it\/wp-json\/wp\/v2\/media?parent=237"}],"curies":[{"name":"wp","href":"https:\/\/api.w.org\/{rel}","templated":true}]}}