{"id":285,"date":"2025-01-10T15:09:26","date_gmt":"2025-01-10T13:09:26","guid":{"rendered":"https:\/\/dev.krossoil.ro\/?page_id=285"},"modified":"2025-10-21T13:43:26","modified_gmt":"2025-10-21T11:43:26","slug":"privacy","status":"publish","type":"page","link":"https:\/\/krossoil.ro\/it\/privacy\/","title":{"rendered":"Informativa sulla privacy"},"content":{"rendered":"<div class=\"row align-center\"  id=\"row-226043178\">\n\n\t<div id=\"col-309602825\" class=\"col small-12 large-12\"  >\n\t\t\t\t<div class=\"col-inner\"  >\n\t\t\t\n\t\t\t\n\t<div id=\"gap-1271703799\" class=\"gap-element clearfix\" style=\"display:block; height:auto;\">\n\t\t\n<style>\n#gap-1271703799 {\n  padding-top: 10vh;\n}\n<\/style>\n\t<\/div>\n\t\n<h2>Informativa sulla privacy<\/h2>\n<p>Informazioni sul trattamento dei dati personali<\/p>\n<h3>I tuoi dati<\/h3>\n<p>www.krossoil.ro raccoglie e tratta dati personali in conformit\u00e0 con le disposizioni del Regolamento UE 679\/2016 quando invii un messaggio utilizzando uno dei moduli presenti sul sito. Questi dati sono protetti e trasmessi internamente solo ai reparti responsabili dell\u2019area di competenza necessaria per la tua richiesta. Raccogliamo e trattiamo inoltre dati personali per scopi pubblicitari, concorsi o campagne di marketing condotte esclusivamente da www.krossoil.ro. Non trasferiamo i tuoi dati a terzi senza il tuo consenso esplicito e non rendiamo pubblici questi dati.<\/p>\n<h3>Quali dati utilizziamo<\/h3>\n<p>Se sei un cliente del sito, www.krossoil.ro tratter\u00e0 i tuoi dati personali, come ad esempio:<\/p>\n<ul>\n<li>Nome e cognome<\/li>\n<li>Numero di telefono<\/li>\n<li>Indirizzo e-mail<\/li>\n<li>Dati relativi al modo in cui utilizzi il sito (ad esempio, il tuo comportamento, le preferenze o le abitudini all\u2019interno del sito). Se sei un visitatore del sito, www.krossoil.ro tratter\u00e0 i dati personali che fornisci:<\/li>\n<li>Direttamente nel contesto dell\u2019utilizzo del sito, come i dati che fornisci nella sezione contatti\/domande\/reclami, nella misura in cui ci contatti in questo modo;<\/li>\n<li>In modo indiretto, dati come: indirizzo IP, browser utilizzato, durata della navigazione, cronologia delle ricerche, sistema operativo utilizzato, lingua e pagine visualizzate, URL completi, sequenza di click verso, attraverso e dal nostro sito, informazioni o prodotti visualizzati\/cercati, durata delle visite su determinate pagine, informazioni sulle interazioni con le pagine (ad es. scorrimenti, clic, movimenti del mouse) e dati sul comportamento degli utenti.<\/li>\n<\/ul>\n<h3>Lo scopo per cui utilizziamo i tuoi dati<\/h3>\n<p class=\"translation-block\">Se sei un visitatore del sito, www.krossoil.ro tratta i tuoi dati personali come segue: per attivit\u00e0 di marketing, ovvero per l\u2019invio, tramite mezzi di comunicazione a distanza (e-mail, SMS), di comunicazioni commerciali relative ai prodotti e servizi offerti da www.krossoil.ro attraverso il sito. Base giuridica: Il trattamento dei tuoi dati per questa finalit\u00e0 si basa sul tuo consenso, se scegli di fornirlo. Per annullare l\u2019iscrizione e non ricevere pi\u00f9 tali comunicazioni commerciali, puoi utilizzare l\u2019opzione presente alla fine di ogni e-mail\/SMS contenente comunicazioni commerciali. Il conferimento dei tuoi dati per questa finalit\u00e0 \u00e8 facoltativo. Il rifiuto di fornire il consenso per il trattamento dei tuoi dati per questa finalit\u00e0 non comporter\u00e0 conseguenze negative per te. Per la gestione dei reclami, segnalazioni e per monitorare il traffico e migliorare la tua esperienza sul sito. Base giuridica: Il trattamento dei tuoi dati per questa finalit\u00e0 si basa sull\u2019interesse legittimo di www.krossoil.ro di garantire il corretto funzionamento del sito e di migliorare costantemente l\u2019esperienza dei visitatori, anche tramite la risoluzione di vari commenti, domande o reclami.<br>Il conferimento dei tuoi dati per questa finalit\u00e0 \u00e8 facoltativo. Il rifiuto di fornire tali dati non avr\u00e0 conseguenze negative per te.<\/p>\n<h3>La durata per cui trattiamo i dati<\/h3>\n<p>www.krossoil.ro tratter\u00e0 i tuoi dati personali per tutto il tempo necessario al raggiungimento delle finalit\u00e0 di trattamento sopra indicate. Se ritiri il tuo consenso al trattamento dei dati per scopi di marketing, il trattamento dei tuoi dati personali per tale scopo cesser\u00e0, senza tuttavia pregiudicare i trattamenti effettuati sulla base del consenso da te espresso prima del ritiro.<\/p>\n<h3>Divulgazione dei dati personali<\/h3>\n<p>Oltre al titolare del trattamento, in determinate situazioni, i dati possono essere accessibili a terze parti come fornitori di servizi, operatori di trasporto, provider di hosting o societ\u00e0 IT, nominati, se necessario, come responsabili del trattamento dal Titolare.<\/p>\n<p>Essi sono contrattualmente obbligati a mantenere la riservatezza dei dati e a utilizzarli esclusivamente per lo scopo per cui sono stati forniti.<\/p>\n<p>Potremmo inoltre divulgare i tuoi dati personali alle autorit\u00e0 pubbliche centrali o locali, nei seguenti casi esemplificativi:<\/p>\n<ul>\n<li>per l'amministrazione del sito web;<\/li>\n<li>nei casi in cui tale comunicazione sia necessaria per l'assegnazione di premi o altri benefici alle persone interessate, ottenuti a seguito della loro partecipazione a diverse campagne promozionali organizzate tramite il sito web;<\/li>\n<li>per la manutenzione, la personalizzazione e il miglioramento del sito web e dei servizi erogati attraverso di esso;<\/li>\n<li>per l'analisi dei dati, i test e la ricerca, il monitoraggio delle tendenze di utilizzo e attivit\u00e0, lo sviluppo di funzionalit\u00e0 di sicurezza e l'autenticazione degli utenti;<\/li>\n<li>per l'invio di comunicazioni commerciali di marketing, alle condizioni e nei limiti previsti dalla legge;<\/li>\n<li>quando la divulgazione dei dati personali \u00e8 prevista dalla legge, ecc.;<\/li>\n<\/ul>\n<h3>Trasferimento dei dati personali<\/h3>\n<p>I dati personali forniti a www.krossoil.ro possono essere trasferiti al di fuori della Romania, ma solo verso paesi dell'Unione Europea.<\/p>\n<h3>I diritti di cui benefici<\/h3>\n<p>Alle condizioni previste dalla legislazione in materia di trattamento dei dati personali, in qualit\u00e0 di interessati, beneficiate dei seguenti diritti:<\/p>\n<ul>\n<li>il diritto all'informazione \u2013 il diritto di ricevere dettagli riguardanti le attivit\u00e0 di trattamento svolte da www.krossoil.ro, come descritto nel presente documento;<\/li>\n<li>il diritto di accesso ai dati \u2013 il diritto di ottenere conferma in merito al trattamento dei dati personali, nonch\u00e9 dettagli sulle attivit\u00e0 di trattamento, incluso il modo in cui vengono svolte;<\/li>\n<li>i dati vengono trattati, lo scopo del trattamento, i destinatari o le categorie di destinatari dei dati, ecc.;<\/li>\n<li>il diritto di rettifica \u2013 il diritto di ottenere la correzione, senza ingiustificati ritardi, dei dati personali inesatti o non giustificati, nonch\u00e9 il completamento dei dati incompleti;<\/li>\n<li>il diritto alla cancellazione dei dati, senza ingiustificati ritardi (\u201cdiritto all'oblio\u201d) \u2013 si applica in determinate condizioni. \u00c8 possibile che, a seguito di una richiesta di cancellazione, i dati vengano resi anonimi (perdendo cos\u00ec il loro carattere personale) e continuino ad essere trattati in tali condizioni per scopi statistici;<\/li>\n<li>il diritto alla limitazione del trattamento, in determinate condizioni;<\/li>\n<li>il diritto alla portabilit\u00e0 dei dati \u2013 il diritto di ricevere i dati personali in un formato strutturato, di uso comune e facilmente leggibile, nonch\u00e9 il diritto che tali dati siano trasmessi a un altro titolare del trattamento, nella misura in cui siano soddisfatte le condizioni previste dalla legge;<\/li>\n<li>il diritto di rivolgersi all'Autorit\u00e0 Nazionale per la Sorveglianza del Trattamento dei Dati Personali o ai tribunali competenti, qualora lo riteniate necessario;<\/li>\n<li>dreptul la opozitie:\n<ul>\n<li>in ceea ce priveste activitatile de prelucrare se poate exercita prin transmiterea unei solicitari conform celor indicate mai jos;<\/li>\n<li>in orice moment, din motive legate de situatia particulara in care se afla persoana vizata, ca datele care o vizeaza sa fie prelucrate in temeiul interesului legitim al sau in temeiul interesului public, cu exceptia cazurilor in care poate demonstra ca are motive legitime si imperioase care justifica prelucarea si care prevaleaza asupra intereselor, drepturilor si libertatilor persoanelor vizate sau ca scopul este constatarea, exercitarea sau apararea unui drept in instanta;<\/li>\n<li>in orice moment, in mod gratuit si fara nicio justificare, ca datele care o vizeaza sa fie prelucrate in scop de marketing direct.<br \/>dreptul de a nu fi supus unei decizii individuale automate<br \/>dreptul de a nu fi subiectul unei decizii luate numai pe baza unor activitati de prelucrare automate, inclusiv crearea de profiluri, care produce efecte juridice care privesc persoana vizata sau o afecteaza in mod similar intr-o masura semnificativa;<\/li>\n<\/ul>\n<\/li>\n<\/ul>\n<p>Per qualsiasi domanda aggiuntiva riguardante il modo in cui i dati personali vengono trattati e per esercitare i diritti sopra menzionati, vi preghiamo di contattarci al seguente indirizzo email: marketing@conexdist.ro<\/p>\n<h3>Modifiche alla politica sulla privacy<\/h3>\n<p>Ci riserviamo il diritto di modificare la presente informativa sulla privacy. In caso di modifiche significative in futuro, verrai informato via email (se possibile) o tramite la visualizzazione di un messaggio specifico sul sito web.<\/p>\n\t\t<\/div>\n\t\t\t\t\t<\/div>\n\n\t\n<\/div>","protected":false},"excerpt":{"rendered":"","protected":false},"author":2,"featured_media":0,"parent":0,"menu_order":0,"comment_status":"closed","ping_status":"closed","template":"page-blank.php","meta":{"footnotes":""},"class_list":["post-285","page","type-page","status-publish","hentry"],"_links":{"self":[{"href":"https:\/\/krossoil.ro\/it\/wp-json\/wp\/v2\/pages\/285","targetHints":{"allow":["GET"]}}],"collection":[{"href":"https:\/\/krossoil.ro\/it\/wp-json\/wp\/v2\/pages"}],"about":[{"href":"https:\/\/krossoil.ro\/it\/wp-json\/wp\/v2\/types\/page"}],"author":[{"embeddable":true,"href":"https:\/\/krossoil.ro\/it\/wp-json\/wp\/v2\/users\/2"}],"replies":[{"embeddable":true,"href":"https:\/\/krossoil.ro\/it\/wp-json\/wp\/v2\/comments?post=285"}],"version-history":[{"count":5,"href":"https:\/\/krossoil.ro\/it\/wp-json\/wp\/v2\/pages\/285\/revisions"}],"predecessor-version":[{"id":2403,"href":"https:\/\/krossoil.ro\/it\/wp-json\/wp\/v2\/pages\/285\/revisions\/2403"}],"wp:attachment":[{"href":"https:\/\/krossoil.ro\/it\/wp-json\/wp\/v2\/media?parent=285"}],"curies":[{"name":"wp","href":"https:\/\/api.w.org\/{rel}","templated":true}]}}