{"id":1245,"date":"2025-01-17T11:26:53","date_gmt":"2025-01-17T09:26:53","guid":{"rendered":"https:\/\/dev.krossoil.ro\/catalog\/fara-categorie\/celera-10w40-a3-b4\/"},"modified":"2026-02-25T16:23:24","modified_gmt":"2026-02-25T14:23:24","slug":"celera-10w40-a3-b4","status":"publish","type":"product","link":"https:\/\/krossoil.ro\/it\/catalog\/autoturisme\/ulei-pentru-motor-auto\/celera-10w40-a3-b4\/","title":{"rendered":"CELERA 10W40 A3\/B4"},"content":{"rendered":"","protected":false},"excerpt":{"rendered":"<p>CELERA 10W40 A3\/B4 \u00e8 un olio motore semi-sintetico appositamente progettato per la lubrificazione dei motori a benzina e diesel, inclusi i motori diesel a iniezione diretta come HDI, CDI, ecc. Grazie all'uso di componenti di altissima qualit\u00e0, questo olio garantisce un'elevata fluidit\u00e0 a basse temperature e una viscosit\u00e0 stabile ad alte temperature.<\/p>","protected":false},"featured_media":2289,"comment_status":"open","ping_status":"closed","template":"","meta":[],"product_brand":[],"product_cat":[76],"product_tag":[],"class_list":{"0":"post-1245","1":"product","2":"type-product","3":"status-publish","4":"has-post-thumbnail","6":"product_cat-ulei-pentru-motor-auto","7":"pa_aplicabilitate-autoturisme","9":"first","10":"instock","11":"shipping-taxable","12":"product-type-simple"},"_links":{"self":[{"href":"https:\/\/krossoil.ro\/it\/wp-json\/wp\/v2\/product\/1245","targetHints":{"allow":["GET"]}}],"collection":[{"href":"https:\/\/krossoil.ro\/it\/wp-json\/wp\/v2\/product"}],"about":[{"href":"https:\/\/krossoil.ro\/it\/wp-json\/wp\/v2\/types\/product"}],"replies":[{"embeddable":true,"href":"https:\/\/krossoil.ro\/it\/wp-json\/wp\/v2\/comments?post=1245"}],"wp:featuredmedia":[{"embeddable":true,"href":"https:\/\/krossoil.ro\/it\/wp-json\/wp\/v2\/media\/2289"}],"wp:attachment":[{"href":"https:\/\/krossoil.ro\/it\/wp-json\/wp\/v2\/media?parent=1245"}],"wp:term":[{"taxonomy":"product_brand","embeddable":true,"href":"https:\/\/krossoil.ro\/it\/wp-json\/wp\/v2\/product_brand?post=1245"},{"taxonomy":"product_cat","embeddable":true,"href":"https:\/\/krossoil.ro\/it\/wp-json\/wp\/v2\/product_cat?post=1245"},{"taxonomy":"product_tag","embeddable":true,"href":"https:\/\/krossoil.ro\/it\/wp-json\/wp\/v2\/product_tag?post=1245"}],"curies":[{"name":"wp","href":"https:\/\/api.w.org\/{rel}","templated":true}]}}