{"id":1255,"date":"2025-01-17T11:26:55","date_gmt":"2025-01-17T09:26:55","guid":{"rendered":"https:\/\/dev.krossoil.ro\/catalog\/uncategorized\/atf-dx-ii-d\/"},"modified":"2026-02-25T16:23:25","modified_gmt":"2026-02-25T14:23:25","slug":"atf-dx-ii-d","status":"publish","type":"product","link":"https:\/\/krossoil.ro\/it\/catalog\/autoturisme\/ulei-pentru-transmisie-auto\/atf-dx-ii-d\/","title":{"rendered":"ATF DX-II D"},"content":{"rendered":"","protected":false},"excerpt":{"rendered":"<p>L\u2019olio ATF DX-II D \u00e8 formulato per fornire una viscosit\u00e0 superiore adatta alle trasmissioni automatiche. \u00c8 rinomato per la sua notevole stabilit\u00e0 chimica, le propriet\u00e0 antiusura e l\u2019eccezionale resistenza al deterioramento.<\/p>","protected":false},"featured_media":426,"comment_status":"open","ping_status":"closed","template":"","meta":[],"product_brand":[],"product_cat":[78],"product_tag":[],"class_list":{"0":"post-1255","1":"product","2":"type-product","3":"status-publish","4":"has-post-thumbnail","6":"product_cat-ulei-pentru-transmisie-auto","7":"pa_aplicabilitate-autoturisme","8":"pa_aplicabilitate-camioane","10":"first","11":"instock","12":"shipping-taxable","13":"product-type-simple"},"_links":{"self":[{"href":"https:\/\/krossoil.ro\/it\/wp-json\/wp\/v2\/product\/1255","targetHints":{"allow":["GET"]}}],"collection":[{"href":"https:\/\/krossoil.ro\/it\/wp-json\/wp\/v2\/product"}],"about":[{"href":"https:\/\/krossoil.ro\/it\/wp-json\/wp\/v2\/types\/product"}],"replies":[{"embeddable":true,"href":"https:\/\/krossoil.ro\/it\/wp-json\/wp\/v2\/comments?post=1255"}],"wp:featuredmedia":[{"embeddable":true,"href":"https:\/\/krossoil.ro\/it\/wp-json\/wp\/v2\/media\/426"}],"wp:attachment":[{"href":"https:\/\/krossoil.ro\/it\/wp-json\/wp\/v2\/media?parent=1255"}],"wp:term":[{"taxonomy":"product_brand","embeddable":true,"href":"https:\/\/krossoil.ro\/it\/wp-json\/wp\/v2\/product_brand?post=1255"},{"taxonomy":"product_cat","embeddable":true,"href":"https:\/\/krossoil.ro\/it\/wp-json\/wp\/v2\/product_cat?post=1255"},{"taxonomy":"product_tag","embeddable":true,"href":"https:\/\/krossoil.ro\/it\/wp-json\/wp\/v2\/product_tag?post=1255"}],"curies":[{"name":"wp","href":"https:\/\/api.w.org\/{rel}","templated":true}]}}