{"id":1260,"date":"2025-01-17T11:26:55","date_gmt":"2025-01-17T09:26:55","guid":{"rendered":"https:\/\/dev.krossoil.ro\/catalog\/uncategorized\/atf-dx-vi\/"},"modified":"2026-02-25T16:23:26","modified_gmt":"2026-02-25T14:23:26","slug":"atf-dx-vi","status":"publish","type":"product","link":"https:\/\/krossoil.ro\/it\/catalog\/autoturisme\/ulei-pentru-transmisie-auto\/atf-dx-vi\/","title":{"rendered":"ATF DX-VI"},"content":{"rendered":"","protected":false},"excerpt":{"rendered":"<p>ATF DX-VI \u00e8 un olio sintetico appositamente progettato per soddisfare le esigenze delle trasmissioni automatiche che richiedono ATF a bassa viscosit\u00e0. Grazie al suo basso punto di scorrimento e alla minima variazione alle variazioni di temperatura, pu\u00f2 essere utilizzato in un ampio intervallo di condizioni termiche. La sua viscosit\u00e0 ridotta contribuisce al risparmio di carburante rispetto agli ATF di viscosit\u00e0 convenzionale.<\/p>","protected":false},"featured_media":436,"comment_status":"open","ping_status":"closed","template":"","meta":[],"product_brand":[],"product_cat":[78],"product_tag":[],"class_list":{"0":"post-1260","1":"product","2":"type-product","3":"status-publish","4":"has-post-thumbnail","6":"product_cat-ulei-pentru-transmisie-auto","7":"pa_aplicabilitate-autoturisme","8":"pa_aplicabilitate-camioane","10":"first","11":"instock","12":"shipping-taxable","13":"product-type-simple"},"_links":{"self":[{"href":"https:\/\/krossoil.ro\/it\/wp-json\/wp\/v2\/product\/1260","targetHints":{"allow":["GET"]}}],"collection":[{"href":"https:\/\/krossoil.ro\/it\/wp-json\/wp\/v2\/product"}],"about":[{"href":"https:\/\/krossoil.ro\/it\/wp-json\/wp\/v2\/types\/product"}],"replies":[{"embeddable":true,"href":"https:\/\/krossoil.ro\/it\/wp-json\/wp\/v2\/comments?post=1260"}],"wp:featuredmedia":[{"embeddable":true,"href":"https:\/\/krossoil.ro\/it\/wp-json\/wp\/v2\/media\/436"}],"wp:attachment":[{"href":"https:\/\/krossoil.ro\/it\/wp-json\/wp\/v2\/media?parent=1260"}],"wp:term":[{"taxonomy":"product_brand","embeddable":true,"href":"https:\/\/krossoil.ro\/it\/wp-json\/wp\/v2\/product_brand?post=1260"},{"taxonomy":"product_cat","embeddable":true,"href":"https:\/\/krossoil.ro\/it\/wp-json\/wp\/v2\/product_cat?post=1260"},{"taxonomy":"product_tag","embeddable":true,"href":"https:\/\/krossoil.ro\/it\/wp-json\/wp\/v2\/product_tag?post=1260"}],"curies":[{"name":"wp","href":"https:\/\/api.w.org\/{rel}","templated":true}]}}