{"id":1269,"date":"2025-01-17T11:26:56","date_gmt":"2025-01-17T09:26:56","guid":{"rendered":"https:\/\/dev.krossoil.ro\/catalog\/uncategorized\/hydro-hlp46\/"},"modified":"2026-03-20T11:00:53","modified_gmt":"2026-03-20T09:00:53","slug":"hydro-hlp46","status":"publish","type":"product","link":"https:\/\/krossoil.ro\/it\/catalog\/ulei-hidraulic\/hydro-hlp46\/","title":{"rendered":"HYDRO HLP46"},"content":{"rendered":"","protected":false},"excerpt":{"rendered":"<p>Olio idraulico minerale multigrado di alta qualit\u00e0 con propriet\u00e0 di estrema pressione. \u00c8 adatto a condizioni di esercizio gravose e protegge le apparecchiature contro usura e corrosione. Offre eccellenti caratteristiche prestazionali, buone propriet\u00e0 antischiuma, prolunga la durata del filtro e gli intervalli di cambio dell\u2019olio, previene i guasti del sistema e aiuta a ridurre i costi operativi grazie alla diminuzione dei tempi di inattivit\u00e0.<\/p>","protected":false},"featured_media":2475,"comment_status":"open","ping_status":"closed","template":"","meta":[],"product_brand":[],"product_cat":[72],"product_tag":[],"class_list":{"0":"post-1269","1":"product","2":"type-product","3":"status-publish","4":"has-post-thumbnail","6":"product_cat-ulei-hidraulic","7":"pa_aplicabilitate-utilaje-agricole","8":"pa_aplicabilitate-utilaje-hidraulice","10":"first","11":"instock","12":"shipping-taxable","13":"product-type-simple"},"_links":{"self":[{"href":"https:\/\/krossoil.ro\/it\/wp-json\/wp\/v2\/product\/1269","targetHints":{"allow":["GET"]}}],"collection":[{"href":"https:\/\/krossoil.ro\/it\/wp-json\/wp\/v2\/product"}],"about":[{"href":"https:\/\/krossoil.ro\/it\/wp-json\/wp\/v2\/types\/product"}],"replies":[{"embeddable":true,"href":"https:\/\/krossoil.ro\/it\/wp-json\/wp\/v2\/comments?post=1269"}],"wp:featuredmedia":[{"embeddable":true,"href":"https:\/\/krossoil.ro\/it\/wp-json\/wp\/v2\/media\/2475"}],"wp:attachment":[{"href":"https:\/\/krossoil.ro\/it\/wp-json\/wp\/v2\/media?parent=1269"}],"wp:term":[{"taxonomy":"product_brand","embeddable":true,"href":"https:\/\/krossoil.ro\/it\/wp-json\/wp\/v2\/product_brand?post=1269"},{"taxonomy":"product_cat","embeddable":true,"href":"https:\/\/krossoil.ro\/it\/wp-json\/wp\/v2\/product_cat?post=1269"},{"taxonomy":"product_tag","embeddable":true,"href":"https:\/\/krossoil.ro\/it\/wp-json\/wp\/v2\/product_tag?post=1269"}],"curies":[{"name":"wp","href":"https:\/\/api.w.org\/{rel}","templated":true}]}}