{"id":2215,"date":"2025-06-02T12:12:00","date_gmt":"2025-06-02T10:12:00","guid":{"rendered":"https:\/\/krossoil.ro\/?post_type=product&#038;p=2215"},"modified":"2026-02-25T16:23:27","modified_gmt":"2026-02-25T14:23:27","slug":"innova-0w30-ll","status":"publish","type":"product","link":"https:\/\/krossoil.ro\/uk\/catalog\/autoturisme\/ulei-pentru-motor-auto\/innova-0w30-ll\/","title":{"rendered":"INNOVA 0W30 LL"},"content":{"rendered":"<p>INNOVA 0W30 LL este un ulei de motor sintetic de ultim\u0103 genera\u021bie, formulat cu uleiuri de baz\u0103 atent selec\u021bionate \u0219i aditivi avansa\u021bi, pentru a asigura performan\u021be excelente \u00een orice condi\u021bii. Acesta ofer\u0103 o pornire rapid\u0103 la rece, reduce consumul de combustibil, protejeaz\u0103 eficient motorul \u00eempotriva uzurii, coroziunii \u0219i form\u0103rii de spum\u0103, men\u021bin\u00e2nd totodat\u0103 o cur\u0103\u021benie intern\u0103 optim\u0103 datorit\u0103 propriet\u0103\u021bilor excelente de detergen\u021b\u0103 \u0219i dispersie. Este ideal pentru motoarele moderne echipate cu catalizatori \u0219i permite intervale prelungite \u00eentre schimburile de ulei.<\/p>","protected":false},"excerpt":{"rendered":"<p>INNOVA 0W30 LL este un ulei de motor sintetic de ultim\u0103 genera\u021bie, formulat cu uleiuri de baz\u0103 atent selec\u021bionate \u0219i aditivi avansa\u021bi, pentru a asigura performan\u021be excelente \u00een orice condi\u021bii. Acesta ofer\u0103 o pornire rapid\u0103 la rece, reduce consumul de combustibil, protejeaz\u0103 eficient motorul \u00eempotriva uzurii, coroziunii \u0219i form\u0103rii de spum\u0103, men\u021bin\u00e2nd totodat\u0103 o cur\u0103\u021benie [&#8230;]\n","protected":false},"featured_media":2281,"comment_status":"closed","ping_status":"closed","template":"","meta":[],"product_brand":[],"product_cat":[68,76],"product_tag":[],"class_list":{"0":"post-2215","1":"product","2":"type-product","3":"status-publish","4":"has-post-thumbnail","6":"product_cat-autoturisme","7":"product_cat-ulei-pentru-motor-auto","8":"pa_aplicabilitate-autoturisme","10":"first","11":"instock","12":"shipping-taxable","13":"product-type-simple"},"_links":{"self":[{"href":"https:\/\/krossoil.ro\/uk\/wp-json\/wp\/v2\/product\/2215","targetHints":{"allow":["GET"]}}],"collection":[{"href":"https:\/\/krossoil.ro\/uk\/wp-json\/wp\/v2\/product"}],"about":[{"href":"https:\/\/krossoil.ro\/uk\/wp-json\/wp\/v2\/types\/product"}],"replies":[{"embeddable":true,"href":"https:\/\/krossoil.ro\/uk\/wp-json\/wp\/v2\/comments?post=2215"}],"wp:featuredmedia":[{"embeddable":true,"href":"https:\/\/krossoil.ro\/uk\/wp-json\/wp\/v2\/media\/2281"}],"wp:attachment":[{"href":"https:\/\/krossoil.ro\/uk\/wp-json\/wp\/v2\/media?parent=2215"}],"wp:term":[{"taxonomy":"product_brand","embeddable":true,"href":"https:\/\/krossoil.ro\/uk\/wp-json\/wp\/v2\/product_brand?post=2215"},{"taxonomy":"product_cat","embeddable":true,"href":"https:\/\/krossoil.ro\/uk\/wp-json\/wp\/v2\/product_cat?post=2215"},{"taxonomy":"product_tag","embeddable":true,"href":"https:\/\/krossoil.ro\/uk\/wp-json\/wp\/v2\/product_tag?post=2215"}],"curies":[{"name":"wp","href":"https:\/\/api.w.org\/{rel}","templated":true}]}}